{"id":22,"date":"2023-11-27T09:59:26","date_gmt":"2023-11-27T09:59:26","guid":{"rendered":"https:\/\/lialsystems.com.co\/?page_id=22"},"modified":"2025-05-16T07:48:34","modified_gmt":"2025-05-16T07:48:34","slug":"principal","status":"publish","type":"page","link":"https:\/\/lialsystems.com.co\/en\/","title":{"rendered":"Home"},"content":{"rendered":"<h5>\n\t\tManufacture and IT solutions\n\t<\/h5>\n<h1>\n\t\tMore than solutions on one side\n\t<\/h1>\n\t<p>We offer you more than just a part of your enterprise. Both flanks are covered in production and digital infrastructure.<\/p>\n\t\t\t<a href=\"https:\/\/lialsystems.com.co\/en\/servicios\/servicios-ti\/\" target=\"_self\" rel=\"noopener\">\n\t\t\t\t\t\t\tIT Services\n\t\t\t\t\t<\/a>\n\t\t\t<a href=\"https:\/\/lialsystems.com.co\/en\/servicios\/manufactura\/\" target=\"_self\" rel=\"noopener\">\n\t\t\t\t\t\t\tManufacturing\n\t\t\t\t\t<\/a>\n\t\t\t\t<img loading=\"lazy\" decoding=\"async\" src=\"https:\/\/i0.wp.com\/lialsystems.com.co\/wp-content\/uploads\/2025\/05\/photo-1690378820474-b468b8ee64d3.jpg?resize=2000%2C1333&#038;ssl=1\" alt=\"photo-1690378820474-b468b8ee64d3\" itemprop=\"image\" height=\"1333\" width=\"2000\" title=\"photo-1690378820474-b468b8ee64d3\" onerror=\"this.style.display='none'\"  data-recalc-dims=\"1\" \/>\n<h5>\n\t\tKnow more about us\n\t<\/h5>\n<h2>\n\t\tOur main goal is to go alongside your progress \n\t<\/h2>\n\t<p class=\" translation-block\">We try to bring together capable personnel with entrepreneurs in need. Our products and our methods will be key to your way to success. We know you might have a great idea and it can be a reality together.<\/p>\n<p>Manufacturing is a process full of full attention to detail, compromise, and smart choices. Our factories are waiting for your ideas to have a place in real life. Therefore, the top technologies and techniques are yours to be on top of your niche.<\/p>\nAdem\u00e1s, tenemos infraestructura digital para que gestiones tu negocio de manera eficiente. Hoy en d\u00eda tener presencia online es bueno, pero tener tu propio sistema online es casi obligatorio.<br \/>\nPonemos a tu servicio personas capaces y responsables con ganas de transformar tu empresa en la tienda digital l\u00edder.\n\t\t\t<a href=\"https:\/\/lialsystems.com.co\/en\/sobre-nosotros\/\" target=\"_self\" rel=\"noopener\">\n\t\t\t\t\t\t\tRead more\n\t\t\t\t\t<\/a>\n<h5>\n\t\tOur services are\u2026\n\t<\/h5>\n<h2>\n\t\tWe focus only on two services\n\t<\/h2>\n<h3>\n\t\tIT Services\n\t<\/h3>\n\t<p>Technologies are tools to get an advantage in a dynamic world. Let us help your company have a digital face to show to the world.<\/p>\n\t\t\t<a href=\"https:\/\/lialsystems.com.co\/en\/servicios\/servicios-ti\/\" target=\"_self\" rel=\"noopener\">\n\t\t\t\t\t\t\tRead more\n\t\t\t\t\t<\/a>\n<h3>\n\t\tManufacturing\n\t<\/h3>\n\t<p>Bringing ideas into reality is a matter of having the right team to make it possible. Colors, textures, and designs are just the tip of the iceberg in the fashion industry.<\/p>\n\t\t\t<a href=\"https:\/\/lialsystems.com.co\/en\/servicios\/manufactura\/\" target=\"_self\" rel=\"noopener\">\n\t\t\t\t\t\t\tRead more\n\t\t\t\t\t<\/a>\n<h5>\n\t\tWork for us\n\t<\/h5>\n<h2>\n\t\tJoin our taskforce \n\t<\/h2>\n\t\t\t<a href=\"https:\/\/lialsystems.com.co\/en\/carreras\/\" target=\"_self\" rel=\"noopener\">\n\t\t\t\t\t\t\tSee all\n\t\t\t\t\t<\/a>\n<h2>\n\t\tLet us help you think what is the best solution for you\n\t<\/h2>\n\t\t\t<a href=\"https:\/\/lialsystems.com.co\/en\/contacto\/\" target=\"_self\" rel=\"noopener\">\n\t\t\t\t\t\t\tContact us\n\t\t\t\t\t<\/a>","protected":false},"excerpt":{"rendered":"<p>Manufactura e Infraestructura Digital Solucionamos m\u00e1s que una sola cosa Te ofrecemos m\u00e1s que atender una parte de tu empresa. Ambos entornos estar\u00e1n cubiertos, tanto en infraestructura y producci\u00f3n como en los sistemas digitales. Servicios TI Manufactura Con\u00f3cenos mejor Nuestra meta principal es acompa\u00f1arte en tu crecimiento Siempre intentamos juntar gente capaz con emprededores que&hellip;<\/p>","protected":false},"author":1,"featured_media":0,"parent":0,"menu_order":0,"comment_status":"closed","ping_status":"closed","template":"","meta":{"_acf_changed":false,"footnotes":""},"acf":[],"yoast_head":"<!-- This site is optimized with the Yoast SEO plugin v22.8 - https:\/\/yoast.com\/wordpress\/plugins\/seo\/ -->\n<title>Principal - Lial Systems<\/title>\n<meta name=\"robots\" content=\"index, follow, max-snippet:-1, max-image-preview:large, max-video-preview:-1\" \/>\n<link rel=\"canonical\" href=\"https:\/\/lialsystems.com.co\/en\/\" \/>\n<meta property=\"og:locale\" content=\"en_US\" \/>\n<meta property=\"og:type\" content=\"article\" \/>\n<meta property=\"og:title\" content=\"Principal - Lial Systems\" \/>\n<meta property=\"og:description\" content=\"Manufactura e Infraestructura Digital Solucionamos m\u00e1s que una sola cosa Te ofrecemos m\u00e1s que atender una parte de tu empresa. Ambos entornos estar\u00e1n cubiertos, tanto en infraestructura y producci\u00f3n como en los sistemas digitales. Servicios TI Manufactura Con\u00f3cenos mejor Nuestra meta principal es acompa\u00f1arte en tu crecimiento Siempre intentamos juntar gente capaz con emprededores que&hellip;\" \/>\n<meta property=\"og:url\" content=\"https:\/\/lialsystems.com.co\/en\/\" \/>\n<meta property=\"og:site_name\" content=\"Lial Systems\" \/>\n<meta property=\"article:modified_time\" content=\"2025-05-16T07:48:34+00:00\" \/>\n<meta property=\"og:image\" content=\"https:\/\/lialsystems.com.co\/wp-content\/uploads\/2025\/05\/photo-1690378820474-b468b8ee64d3.jpg\" \/>\n<meta name=\"twitter:card\" content=\"summary_large_image\" \/>\n<meta name=\"twitter:label1\" content=\"Est. reading time\" \/>\n\t<meta name=\"twitter:data1\" content=\"3 minutes\" \/>\n<script type=\"application\/ld+json\" class=\"yoast-schema-graph\">{\"@context\":\"https:\/\/schema.org\",\"@graph\":[{\"@type\":\"WebPage\",\"@id\":\"https:\/\/lialsystems.com.co\/\",\"url\":\"https:\/\/lialsystems.com.co\/\",\"name\":\"Principal - Lial Systems\",\"isPartOf\":{\"@id\":\"https:\/\/lialsystems.com.co\/#website\"},\"primaryImageOfPage\":{\"@id\":\"https:\/\/lialsystems.com.co\/#primaryimage\"},\"image\":{\"@id\":\"https:\/\/lialsystems.com.co\/#primaryimage\"},\"thumbnailUrl\":\"https:\/\/lialsystems.com.co\/wp-content\/uploads\/2025\/05\/photo-1690378820474-b468b8ee64d3.jpg\",\"datePublished\":\"2023-11-27T09:59:26+00:00\",\"dateModified\":\"2025-05-16T07:48:34+00:00\",\"breadcrumb\":{\"@id\":\"https:\/\/lialsystems.com.co\/#breadcrumb\"},\"inLanguage\":\"en-US\",\"potentialAction\":[{\"@type\":\"ReadAction\",\"target\":[\"https:\/\/lialsystems.com.co\/\"]}]},{\"@type\":\"ImageObject\",\"inLanguage\":\"en-US\",\"@id\":\"https:\/\/lialsystems.com.co\/#primaryimage\",\"url\":\"https:\/\/lialsystems.com.co\/wp-content\/uploads\/2025\/05\/photo-1690378820474-b468b8ee64d3.jpg\",\"contentUrl\":\"https:\/\/lialsystems.com.co\/wp-content\/uploads\/2025\/05\/photo-1690378820474-b468b8ee64d3.jpg\"},{\"@type\":\"BreadcrumbList\",\"@id\":\"https:\/\/lialsystems.com.co\/#breadcrumb\",\"itemListElement\":[{\"@type\":\"ListItem\",\"position\":1,\"name\":\"Home\",\"item\":\"https:\/\/lialsystems.com.co\/\"},{\"@type\":\"ListItem\",\"position\":2,\"name\":\"Principal\"}]},{\"@type\":\"WebSite\",\"@id\":\"https:\/\/lialsystems.com.co\/#website\",\"url\":\"https:\/\/lialsystems.com.co\/\",\"name\":\"Lial Systems\",\"description\":\"IT &amp; Manufacturing\",\"potentialAction\":[{\"@type\":\"SearchAction\",\"target\":{\"@type\":\"EntryPoint\",\"urlTemplate\":\"https:\/\/lialsystems.com.co\/?s={search_term_string}\"},\"query-input\":\"required name=search_term_string\"}],\"inLanguage\":\"en-US\"}]}<\/script>\n<!-- \/ Yoast SEO plugin. -->","yoast_head_json":{"title":"Principal - Lial Systems","robots":{"index":"index","follow":"follow","max-snippet":"max-snippet:-1","max-image-preview":"max-image-preview:large","max-video-preview":"max-video-preview:-1"},"canonical":"https:\/\/lialsystems.com.co\/en\/","og_locale":"en_US","og_type":"article","og_title":"Principal - Lial Systems","og_description":"Manufactura e Infraestructura Digital Solucionamos m\u00e1s que una sola cosa Te ofrecemos m\u00e1s que atender una parte de tu empresa. Ambos entornos estar\u00e1n cubiertos, tanto en infraestructura y producci\u00f3n como en los sistemas digitales. Servicios TI Manufactura Con\u00f3cenos mejor Nuestra meta principal es acompa\u00f1arte en tu crecimiento Siempre intentamos juntar gente capaz con emprededores que&hellip;","og_url":"https:\/\/lialsystems.com.co\/en\/","og_site_name":"Lial Systems","article_modified_time":"2025-05-16T07:48:34+00:00","og_image":[{"url":"https:\/\/lialsystems.com.co\/wp-content\/uploads\/2025\/05\/photo-1690378820474-b468b8ee64d3.jpg"}],"twitter_card":"summary_large_image","twitter_misc":{"Est. reading time":"3 minutes"},"schema":{"@context":"https:\/\/schema.org","@graph":[{"@type":"WebPage","@id":"https:\/\/lialsystems.com.co\/","url":"https:\/\/lialsystems.com.co\/","name":"Principal - Lial Systems","isPartOf":{"@id":"https:\/\/lialsystems.com.co\/#website"},"primaryImageOfPage":{"@id":"https:\/\/lialsystems.com.co\/#primaryimage"},"image":{"@id":"https:\/\/lialsystems.com.co\/#primaryimage"},"thumbnailUrl":"https:\/\/lialsystems.com.co\/wp-content\/uploads\/2025\/05\/photo-1690378820474-b468b8ee64d3.jpg","datePublished":"2023-11-27T09:59:26+00:00","dateModified":"2025-05-16T07:48:34+00:00","breadcrumb":{"@id":"https:\/\/lialsystems.com.co\/#breadcrumb"},"inLanguage":"en-US","potentialAction":[{"@type":"ReadAction","target":["https:\/\/lialsystems.com.co\/"]}]},{"@type":"ImageObject","inLanguage":"en-US","@id":"https:\/\/lialsystems.com.co\/#primaryimage","url":"https:\/\/lialsystems.com.co\/wp-content\/uploads\/2025\/05\/photo-1690378820474-b468b8ee64d3.jpg","contentUrl":"https:\/\/lialsystems.com.co\/wp-content\/uploads\/2025\/05\/photo-1690378820474-b468b8ee64d3.jpg"},{"@type":"BreadcrumbList","@id":"https:\/\/lialsystems.com.co\/#breadcrumb","itemListElement":[{"@type":"ListItem","position":1,"name":"Home","item":"https:\/\/lialsystems.com.co\/"},{"@type":"ListItem","position":2,"name":"Principal"}]},{"@type":"WebSite","@id":"https:\/\/lialsystems.com.co\/#website","url":"https:\/\/lialsystems.com.co\/","name":"Lial Systems","description":"IT &amp; Manufacturing","potentialAction":[{"@type":"SearchAction","target":{"@type":"EntryPoint","urlTemplate":"https:\/\/lialsystems.com.co\/?s={search_term_string}"},"query-input":"required name=search_term_string"}],"inLanguage":"en-US"}]}},"_links":{"self":[{"href":"https:\/\/lialsystems.com.co\/en\/wp-json\/wp\/v2\/pages\/22"}],"collection":[{"href":"https:\/\/lialsystems.com.co\/en\/wp-json\/wp\/v2\/pages"}],"about":[{"href":"https:\/\/lialsystems.com.co\/en\/wp-json\/wp\/v2\/types\/page"}],"author":[{"embeddable":true,"href":"https:\/\/lialsystems.com.co\/en\/wp-json\/wp\/v2\/users\/1"}],"replies":[{"embeddable":true,"href":"https:\/\/lialsystems.com.co\/en\/wp-json\/wp\/v2\/comments?post=22"}],"version-history":[{"count":7,"href":"https:\/\/lialsystems.com.co\/en\/wp-json\/wp\/v2\/pages\/22\/revisions"}],"predecessor-version":[{"id":523,"href":"https:\/\/lialsystems.com.co\/en\/wp-json\/wp\/v2\/pages\/22\/revisions\/523"}],"wp:attachment":[{"href":"https:\/\/lialsystems.com.co\/en\/wp-json\/wp\/v2\/media?parent=22"}],"curies":[{"name":"wp","href":"https:\/\/api.w.org\/{rel}","templated":true}]}}