{"id":24,"date":"2023-11-27T09:59:34","date_gmt":"2023-11-27T09:59:34","guid":{"rendered":"https:\/\/lialsystems.com.co\/?page_id=24"},"modified":"2025-05-16T07:47:29","modified_gmt":"2025-05-16T07:47:29","slug":"sobre-nosotros","status":"publish","type":"page","link":"https:\/\/lialsystems.com.co\/en\/sobre-nosotros\/","title":{"rendered":"About us"},"content":{"rendered":"<h5>\n\t\tAbout us\n\t<\/h5>\n<h1>\n\t\tKnow more about who we are\n\t<\/h1>\n\t<nav id=\"breadcrumbs\" aria-label=\"Breadcrumbs\"><a href=\"https:\/\/lialsystems.com.co\/en\/\">Home<\/a> &#8211; Sobre nosotros<\/nav>\n\t\t\t\t<img loading=\"lazy\" decoding=\"async\" src=\"https:\/\/i0.wp.com\/lialsystems.com.co\/wp-content\/uploads\/2025\/05\/pexels-photo-8867434.jpg?resize=2000%2C1333&#038;ssl=1\" alt=\"pexels-photo-8867434\" itemprop=\"image\" height=\"1333\" width=\"2000\" title=\"pexels-photo-8867434\" onerror=\"this.style.display='none'\"  data-recalc-dims=\"1\" \/>\n<h5>\n\t\tA company for your company\n\t<\/h5>\n<h2>\n\t\tWe are Lial Systems and\u2026 \n\t<\/h2>\n\tWe are a company based in Colombia dedicated to helping creators and entrepreneurs turn ideas into reality. To do so, we contact creative people with capable people to merge skills and get the best of both.<br \/>\nBy combining the digital and the physical world, people open new ways towards innovation. Making possible all types of ideas is a path only for the brave and the bold. That is what we aim for.\n\t\t\t\t<img loading=\"lazy\" decoding=\"async\" src=\"https:\/\/lialsystems.com.co\/wp-content\/uploads\/2023\/11\/Path-8.svg\" alt=\"Icon Target\" itemprop=\"image\" height=\"64\" width=\"64\" title=\"Icon Target\" onerror=\"this.style.display='none'\"  \/>\n<h6>\n\t\tNuestra meta es&#8230;\n\t<\/h6>\n\t<p>To assemble teams of capable and responsible assets to work alongside passion-driven entrepreneurs. That way we ensure high quality and beauty on every piece of fabric and every final product.<\/p>\n\t\t\t\t<img loading=\"lazy\" decoding=\"async\" src=\"https:\/\/lialsystems.com.co\/wp-content\/uploads\/2023\/11\/Path-9.svg\" alt=\"Icon binoculars\" itemprop=\"image\" height=\"56\" width=\"64\" title=\"Icon binoculars\" onerror=\"this.style.display='none'\"  \/>\n<h6>\n\t\tWe believe that\u2026\n\t<\/h6>\n\t<p class=\" translation-block\">The will to find a way to make things possible is more important than the illusion of perfection. Every single person has a value, talent, and something they enjoy and we can find the perfect balance in ourselves.<\/p>\n<h3>\n\t\tOur hopes are\u2026\n\t<\/h3>\n\t<ul>\n<li>Ensure every client is on top of their market or niche.<\/li>\n<li>Gather talents to deliver the best outcome for every project.<\/li>\n<li>Add new talents to our workforce to grow in quantity and quality.<\/li>\n<li>Deal with grateful clients after every delivery of every project.<\/li>\n<\/ul>\n<h5>\n\t\tIt is easy\n\t<\/h5>\n<h2>\n\t\tTres simples pasos&#8230;\n\t<\/h2>\n\t\t\t\t<img loading=\"lazy\" decoding=\"async\" src=\"https:\/\/lialsystems.com.co\/wp-content\/uploads\/2023\/11\/01.svg\" alt=\"01\" itemprop=\"image\" height=\"84\" width=\"109\" title=\"01\" onerror=\"this.style.display='none'\"  \/>\n<h4>\n\t\tContact us\n\t<\/h4>\n\t<p>Reach us at our email, phone number, or just our contact form.<\/p>\n\t\t\t\t<img loading=\"lazy\" decoding=\"async\" src=\"https:\/\/lialsystems.com.co\/wp-content\/uploads\/2023\/11\/02.svg\" alt=\"02\" itemprop=\"image\" height=\"84\" width=\"135\" title=\"02\" onerror=\"this.style.display='none'\"  \/>\n<h4>\n\t\tMeet with us\n\t<\/h4>\n\t<p>Schedule a meeting to get a better understanding of what is best for you.<\/p>\n\t\t\t\t<img loading=\"lazy\" decoding=\"async\" src=\"https:\/\/lialsystems.com.co\/wp-content\/uploads\/2023\/11\/03.svg\" alt=\"03\" itemprop=\"image\" height=\"84\" width=\"141\" title=\"03\" onerror=\"this.style.display='none'\"  \/>\n<h4>\n\t\tAssist us\n\t<\/h4>\n\t<p>Giving shape to your dreams and achieving goals that would lead you to the top.<\/p>\n<h5>\n\t\tMeet our experts\n\t<\/h5>\n<h2>\n\t\tLet us know how our team will help\n\t<\/h2>\n\tOur team is capable of meeting the most specific requirements you might have. They have both the knowledge and the experience to help you find the best plan for your goal.<br \/>\nAlso, they will make sure that every single detail is tailored to each step of the path. So what is it that you are looking for?\n\t\t\t<a href=\"https:\/\/lialsystems.com.co\/en\/servicios\/servicios-ti\/\" target=\"_self\" rel=\"noopener\">\n\t\t\t\t\t\t\tIT Services\n\t\t\t\t\t<\/a>\n\t\t\t<a href=\"https:\/\/lialsystems.com.co\/en\/servicios\/manufactura\/\" target=\"_self\" rel=\"noopener\">\n\t\t\t\t\t\t\tManufacturing\n\t\t\t\t\t<\/a>\n\t\t\t\t<img loading=\"lazy\" decoding=\"async\" src=\"https:\/\/i0.wp.com\/lialsystems.com.co\/wp-content\/uploads\/2025\/05\/pexels-photo-8867482.jpg?resize=2000%2C1333&#038;ssl=1\" alt=\"pexels-photo-8867482\" itemprop=\"image\" height=\"1333\" width=\"2000\" title=\"pexels-photo-8867482\" onerror=\"this.style.display='none'\"  data-recalc-dims=\"1\" \/>\n<h2>\n\t\tDo not leave this website without the proper information\n\t<\/h2>\n\t\t\t<a href=\"https:\/\/lialsystems.com.co\/en\/contacto\/\" target=\"_self\" rel=\"noopener\">\n\t\t\t\t\t\t\tContact us\n\t\t\t\t\t<\/a>","protected":false},"excerpt":{"rendered":"<p>\u00bfQui\u00e9nes somos? C\u00f3noce m\u00e1s sobre nosotros Home &#8211; Sobre nosotros Una empresa para tu empresa Somos Lial Systems Somos una empresa con sede en Colombia dedicada a ayudar gente creativa y emprendedora a convertir ideas en realidad. Para ello, contactamos personas so\u00f1adoras con personas capaces de fusionar habilidades, y sacar lo mejor de ambos. Al&hellip;<\/p>","protected":false},"author":1,"featured_media":0,"parent":0,"menu_order":0,"comment_status":"closed","ping_status":"closed","template":"","meta":{"_acf_changed":false,"footnotes":""},"acf":[],"yoast_head":"<!-- This site is optimized with the Yoast SEO plugin v22.8 - https:\/\/yoast.com\/wordpress\/plugins\/seo\/ -->\n<title>Sobre nosotros - Lial Systems<\/title>\n<meta name=\"robots\" content=\"index, follow, max-snippet:-1, max-image-preview:large, max-video-preview:-1\" \/>\n<link rel=\"canonical\" href=\"https:\/\/lialsystems.com.co\/en\/sobre-nosotros\/\" \/>\n<meta property=\"og:locale\" content=\"en_US\" \/>\n<meta property=\"og:type\" content=\"article\" \/>\n<meta property=\"og:title\" content=\"Sobre nosotros - Lial Systems\" \/>\n<meta property=\"og:description\" content=\"\u00bfQui\u00e9nes somos? C\u00f3noce m\u00e1s sobre nosotros Home &#8211; Sobre nosotros Una empresa para tu empresa Somos Lial Systems Somos una empresa con sede en Colombia dedicada a ayudar gente creativa y emprendedora a convertir ideas en realidad. Para ello, contactamos personas so\u00f1adoras con personas capaces de fusionar habilidades, y sacar lo mejor de ambos. Al&hellip;\" \/>\n<meta property=\"og:url\" content=\"https:\/\/lialsystems.com.co\/en\/sobre-nosotros\/\" \/>\n<meta property=\"og:site_name\" content=\"Lial Systems\" \/>\n<meta property=\"article:modified_time\" content=\"2025-05-16T07:47:29+00:00\" \/>\n<meta property=\"og:image\" content=\"https:\/\/lialsystems.com.co\/wp-content\/uploads\/2025\/05\/pexels-photo-8867434.jpg\" \/>\n<meta name=\"twitter:card\" content=\"summary_large_image\" \/>\n<meta name=\"twitter:label1\" content=\"Est. reading time\" \/>\n\t<meta name=\"twitter:data1\" content=\"4 minutes\" \/>\n<script type=\"application\/ld+json\" class=\"yoast-schema-graph\">{\"@context\":\"https:\/\/schema.org\",\"@graph\":[{\"@type\":\"WebPage\",\"@id\":\"https:\/\/lialsystems.com.co\/sobre-nosotros\/\",\"url\":\"https:\/\/lialsystems.com.co\/sobre-nosotros\/\",\"name\":\"Sobre nosotros - Lial Systems\",\"isPartOf\":{\"@id\":\"https:\/\/lialsystems.com.co\/#website\"},\"primaryImageOfPage\":{\"@id\":\"https:\/\/lialsystems.com.co\/sobre-nosotros\/#primaryimage\"},\"image\":{\"@id\":\"https:\/\/lialsystems.com.co\/sobre-nosotros\/#primaryimage\"},\"thumbnailUrl\":\"https:\/\/lialsystems.com.co\/wp-content\/uploads\/2025\/05\/pexels-photo-8867434.jpg\",\"datePublished\":\"2023-11-27T09:59:34+00:00\",\"dateModified\":\"2025-05-16T07:47:29+00:00\",\"breadcrumb\":{\"@id\":\"https:\/\/lialsystems.com.co\/sobre-nosotros\/#breadcrumb\"},\"inLanguage\":\"en-US\",\"potentialAction\":[{\"@type\":\"ReadAction\",\"target\":[\"https:\/\/lialsystems.com.co\/sobre-nosotros\/\"]}]},{\"@type\":\"ImageObject\",\"inLanguage\":\"en-US\",\"@id\":\"https:\/\/lialsystems.com.co\/sobre-nosotros\/#primaryimage\",\"url\":\"https:\/\/lialsystems.com.co\/wp-content\/uploads\/2025\/05\/pexels-photo-8867434.jpg\",\"contentUrl\":\"https:\/\/lialsystems.com.co\/wp-content\/uploads\/2025\/05\/pexels-photo-8867434.jpg\"},{\"@type\":\"BreadcrumbList\",\"@id\":\"https:\/\/lialsystems.com.co\/sobre-nosotros\/#breadcrumb\",\"itemListElement\":[{\"@type\":\"ListItem\",\"position\":1,\"name\":\"Home\",\"item\":\"https:\/\/lialsystems.com.co\/\"},{\"@type\":\"ListItem\",\"position\":2,\"name\":\"Sobre nosotros\"}]},{\"@type\":\"WebSite\",\"@id\":\"https:\/\/lialsystems.com.co\/#website\",\"url\":\"https:\/\/lialsystems.com.co\/\",\"name\":\"Lial Systems\",\"description\":\"IT &amp; Manufacturing\",\"potentialAction\":[{\"@type\":\"SearchAction\",\"target\":{\"@type\":\"EntryPoint\",\"urlTemplate\":\"https:\/\/lialsystems.com.co\/?s={search_term_string}\"},\"query-input\":\"required name=search_term_string\"}],\"inLanguage\":\"en-US\"}]}<\/script>\n<!-- \/ Yoast SEO plugin. -->","yoast_head_json":{"title":"Sobre nosotros - Lial Systems","robots":{"index":"index","follow":"follow","max-snippet":"max-snippet:-1","max-image-preview":"max-image-preview:large","max-video-preview":"max-video-preview:-1"},"canonical":"https:\/\/lialsystems.com.co\/en\/sobre-nosotros\/","og_locale":"en_US","og_type":"article","og_title":"Sobre nosotros - Lial Systems","og_description":"\u00bfQui\u00e9nes somos? C\u00f3noce m\u00e1s sobre nosotros Home &#8211; Sobre nosotros Una empresa para tu empresa Somos Lial Systems Somos una empresa con sede en Colombia dedicada a ayudar gente creativa y emprendedora a convertir ideas en realidad. Para ello, contactamos personas so\u00f1adoras con personas capaces de fusionar habilidades, y sacar lo mejor de ambos. Al&hellip;","og_url":"https:\/\/lialsystems.com.co\/en\/sobre-nosotros\/","og_site_name":"Lial Systems","article_modified_time":"2025-05-16T07:47:29+00:00","og_image":[{"url":"https:\/\/lialsystems.com.co\/wp-content\/uploads\/2025\/05\/pexels-photo-8867434.jpg"}],"twitter_card":"summary_large_image","twitter_misc":{"Est. reading time":"4 minutes"},"schema":{"@context":"https:\/\/schema.org","@graph":[{"@type":"WebPage","@id":"https:\/\/lialsystems.com.co\/sobre-nosotros\/","url":"https:\/\/lialsystems.com.co\/sobre-nosotros\/","name":"Sobre nosotros - Lial Systems","isPartOf":{"@id":"https:\/\/lialsystems.com.co\/#website"},"primaryImageOfPage":{"@id":"https:\/\/lialsystems.com.co\/sobre-nosotros\/#primaryimage"},"image":{"@id":"https:\/\/lialsystems.com.co\/sobre-nosotros\/#primaryimage"},"thumbnailUrl":"https:\/\/lialsystems.com.co\/wp-content\/uploads\/2025\/05\/pexels-photo-8867434.jpg","datePublished":"2023-11-27T09:59:34+00:00","dateModified":"2025-05-16T07:47:29+00:00","breadcrumb":{"@id":"https:\/\/lialsystems.com.co\/sobre-nosotros\/#breadcrumb"},"inLanguage":"en-US","potentialAction":[{"@type":"ReadAction","target":["https:\/\/lialsystems.com.co\/sobre-nosotros\/"]}]},{"@type":"ImageObject","inLanguage":"en-US","@id":"https:\/\/lialsystems.com.co\/sobre-nosotros\/#primaryimage","url":"https:\/\/lialsystems.com.co\/wp-content\/uploads\/2025\/05\/pexels-photo-8867434.jpg","contentUrl":"https:\/\/lialsystems.com.co\/wp-content\/uploads\/2025\/05\/pexels-photo-8867434.jpg"},{"@type":"BreadcrumbList","@id":"https:\/\/lialsystems.com.co\/sobre-nosotros\/#breadcrumb","itemListElement":[{"@type":"ListItem","position":1,"name":"Home","item":"https:\/\/lialsystems.com.co\/"},{"@type":"ListItem","position":2,"name":"Sobre nosotros"}]},{"@type":"WebSite","@id":"https:\/\/lialsystems.com.co\/#website","url":"https:\/\/lialsystems.com.co\/","name":"Lial Systems","description":"IT &amp; Manufacturing","potentialAction":[{"@type":"SearchAction","target":{"@type":"EntryPoint","urlTemplate":"https:\/\/lialsystems.com.co\/?s={search_term_string}"},"query-input":"required name=search_term_string"}],"inLanguage":"en-US"}]}},"_links":{"self":[{"href":"https:\/\/lialsystems.com.co\/en\/wp-json\/wp\/v2\/pages\/24"}],"collection":[{"href":"https:\/\/lialsystems.com.co\/en\/wp-json\/wp\/v2\/pages"}],"about":[{"href":"https:\/\/lialsystems.com.co\/en\/wp-json\/wp\/v2\/types\/page"}],"author":[{"embeddable":true,"href":"https:\/\/lialsystems.com.co\/en\/wp-json\/wp\/v2\/users\/1"}],"replies":[{"embeddable":true,"href":"https:\/\/lialsystems.com.co\/en\/wp-json\/wp\/v2\/comments?post=24"}],"version-history":[{"count":6,"href":"https:\/\/lialsystems.com.co\/en\/wp-json\/wp\/v2\/pages\/24\/revisions"}],"predecessor-version":[{"id":522,"href":"https:\/\/lialsystems.com.co\/en\/wp-json\/wp\/v2\/pages\/24\/revisions\/522"}],"wp:attachment":[{"href":"https:\/\/lialsystems.com.co\/en\/wp-json\/wp\/v2\/media?parent=24"}],"curies":[{"name":"wp","href":"https:\/\/api.w.org\/{rel}","templated":true}]}}