{"id":26,"date":"2023-11-27T09:59:46","date_gmt":"2023-11-27T09:59:46","guid":{"rendered":"https:\/\/lialsystems.com.co\/?page_id=26"},"modified":"2023-12-20T14:11:33","modified_gmt":"2023-12-20T14:11:33","slug":"servicios","status":"publish","type":"page","link":"https:\/\/lialsystems.com.co\/en\/servicios\/","title":{"rendered":"Services"},"content":{"rendered":"<h1>\n\t\tServices\n\t<\/h1>\n\t<nav id=\"breadcrumbs\" aria-label=\"Breadcrumbs\"><a href=\"https:\/\/lialsystems.com.co\/en\/\">Home<\/a> &#8211; Servicios<\/nav><h5>\n\t\tOur services\n\t<\/h5>\n<h2>\n\t\tCheck in full detail what we can do for you \n\t<\/h2>\n\t\t\t\t<img decoding=\"async\" src=\"https:\/\/i0.wp.com\/lialsystems.com.co\/wp-content\/plugins\/bb-plugin\/img\/pixel.png?ssl=1\" alt=\"\" itemprop=\"image\" onerror=\"this.style.display='none'\"  data-recalc-dims=\"1\" \/>\n\t\t\t\t<img loading=\"lazy\" decoding=\"async\" src=\"https:\/\/lialsystems.com.co\/wp-content\/uploads\/2023\/11\/Icon-IT.svg\" alt=\"Icon IT\" itemprop=\"image\" height=\"64\" width=\"80\" title=\"Icon IT\" onerror=\"this.style.display='none'\"  \/>\n<h3>\n\t\tIT Services\n\t<\/h3>\n\t<p>Digital system solutions are yours so you rely on the top existant technology.<\/p>\n\t\t\t<a href=\"https:\/\/lialsystems.com.co\/en\/servicios\/servicios-ti\/\" target=\"_self\" rel=\"noopener\">\n\t\t\t\t\t\t\tRead more\n\t\t\t\t\t<\/a>\n\t\t\t\t<img decoding=\"async\" src=\"https:\/\/i0.wp.com\/lialsystems.com.co\/wp-content\/plugins\/bb-plugin\/img\/pixel.png?ssl=1\" alt=\"\" itemprop=\"image\" onerror=\"this.style.display='none'\"  data-recalc-dims=\"1\" \/>\n\t\t\t\t<img loading=\"lazy\" decoding=\"async\" src=\"https:\/\/lialsystems.com.co\/wp-content\/uploads\/2023\/11\/Icon-manufacturing.svg\" alt=\"Icon manufacturing\" itemprop=\"image\" height=\"56\" width=\"64\" title=\"Icon manufacturing\" onerror=\"this.style.display='none'\"  \/>\n<h3>\n\t\tManufacturing\n\t<\/h3>\n\t<p>Turning ideas into reality is what we do best. Our factories are at your service.<\/p>\n\t\t\t<a href=\"https:\/\/lialsystems.com.co\/en\/servicios\/manufactura\/\" target=\"_self\" rel=\"noopener\">\n\t\t\t\t\t\t\tRead more\n\t\t\t\t\t<\/a>\n<h2>\n\t\tDo not leave this website without the proper information\n\t<\/h2>\n\t\t\t<a href=\"https:\/\/lialsystems.com.co\/en\/contacto\/\" target=\"_self\" rel=\"noopener\">\n\t\t\t\t\t\t\tContact us\n\t\t\t\t\t<\/a>","protected":false},"excerpt":{"rendered":"<p>Servicios Home &#8211; Servicios Tenemos servicios y soluciones Revisa en detalle lo que podemos hacer por t\u00ed Servicios TI Las soluciones de sistemas digitales est\u00e1n a tu alcance y puedes confiar en que tendr\u00e1s la mejor tecnolog\u00eda existente. Leer m\u00e1s Manufactura Convertir las ideas en realidad es lo que mejor sabemos hacer. Nuestras f\u00e1bricas est\u00e1n&hellip;<\/p>","protected":false},"author":1,"featured_media":0,"parent":0,"menu_order":0,"comment_status":"closed","ping_status":"closed","template":"","meta":{"_acf_changed":false,"footnotes":""},"acf":[],"yoast_head":"<!-- This site is optimized with the Yoast SEO plugin v22.8 - https:\/\/yoast.com\/wordpress\/plugins\/seo\/ -->\n<title>Servicios - Lial Systems<\/title>\n<meta name=\"robots\" content=\"index, follow, max-snippet:-1, max-image-preview:large, max-video-preview:-1\" \/>\n<link rel=\"canonical\" href=\"https:\/\/lialsystems.com.co\/en\/servicios\/\" \/>\n<meta property=\"og:locale\" content=\"en_US\" \/>\n<meta property=\"og:type\" content=\"article\" \/>\n<meta property=\"og:title\" content=\"Servicios - Lial Systems\" \/>\n<meta property=\"og:description\" content=\"Servicios Home &#8211; Servicios Tenemos servicios y soluciones Revisa en detalle lo que podemos hacer por t\u00ed Servicios TI Las soluciones de sistemas digitales est\u00e1n a tu alcance y puedes confiar en que tendr\u00e1s la mejor tecnolog\u00eda existente. Leer m\u00e1s Manufactura Convertir las ideas en realidad es lo que mejor sabemos hacer. Nuestras f\u00e1bricas est\u00e1n&hellip;\" \/>\n<meta property=\"og:url\" content=\"https:\/\/lialsystems.com.co\/en\/servicios\/\" \/>\n<meta property=\"og:site_name\" content=\"Lial Systems\" \/>\n<meta property=\"article:modified_time\" content=\"2023-12-20T14:11:33+00:00\" \/>\n<meta property=\"og:image\" content=\"https:\/\/lialsystems.com.co\/wp-content\/plugins\/bb-plugin\/img\/pixel.png\" \/>\n<meta name=\"twitter:card\" content=\"summary_large_image\" \/>\n<meta name=\"twitter:label1\" content=\"Est. reading time\" \/>\n\t<meta name=\"twitter:data1\" content=\"2 minutes\" \/>\n<script type=\"application\/ld+json\" class=\"yoast-schema-graph\">{\"@context\":\"https:\/\/schema.org\",\"@graph\":[{\"@type\":\"WebPage\",\"@id\":\"https:\/\/lialsystems.com.co\/servicios\/\",\"url\":\"https:\/\/lialsystems.com.co\/servicios\/\",\"name\":\"Servicios - Lial Systems\",\"isPartOf\":{\"@id\":\"https:\/\/lialsystems.com.co\/#website\"},\"primaryImageOfPage\":{\"@id\":\"https:\/\/lialsystems.com.co\/servicios\/#primaryimage\"},\"image\":{\"@id\":\"https:\/\/lialsystems.com.co\/servicios\/#primaryimage\"},\"thumbnailUrl\":\"https:\/\/lialsystems.com.co\/wp-content\/plugins\/bb-plugin\/img\/pixel.png\",\"datePublished\":\"2023-11-27T09:59:46+00:00\",\"dateModified\":\"2023-12-20T14:11:33+00:00\",\"breadcrumb\":{\"@id\":\"https:\/\/lialsystems.com.co\/servicios\/#breadcrumb\"},\"inLanguage\":\"en-US\",\"potentialAction\":[{\"@type\":\"ReadAction\",\"target\":[\"https:\/\/lialsystems.com.co\/servicios\/\"]}]},{\"@type\":\"ImageObject\",\"inLanguage\":\"en-US\",\"@id\":\"https:\/\/lialsystems.com.co\/servicios\/#primaryimage\",\"url\":\"https:\/\/lialsystems.com.co\/wp-content\/plugins\/bb-plugin\/img\/pixel.png\",\"contentUrl\":\"https:\/\/lialsystems.com.co\/wp-content\/plugins\/bb-plugin\/img\/pixel.png\"},{\"@type\":\"BreadcrumbList\",\"@id\":\"https:\/\/lialsystems.com.co\/servicios\/#breadcrumb\",\"itemListElement\":[{\"@type\":\"ListItem\",\"position\":1,\"name\":\"Home\",\"item\":\"https:\/\/lialsystems.com.co\/\"},{\"@type\":\"ListItem\",\"position\":2,\"name\":\"Servicios\"}]},{\"@type\":\"WebSite\",\"@id\":\"https:\/\/lialsystems.com.co\/#website\",\"url\":\"https:\/\/lialsystems.com.co\/\",\"name\":\"Lial Systems\",\"description\":\"IT &amp; Manufacturing\",\"potentialAction\":[{\"@type\":\"SearchAction\",\"target\":{\"@type\":\"EntryPoint\",\"urlTemplate\":\"https:\/\/lialsystems.com.co\/?s={search_term_string}\"},\"query-input\":\"required name=search_term_string\"}],\"inLanguage\":\"en-US\"}]}<\/script>\n<!-- \/ Yoast SEO plugin. -->","yoast_head_json":{"title":"Servicios - Lial Systems","robots":{"index":"index","follow":"follow","max-snippet":"max-snippet:-1","max-image-preview":"max-image-preview:large","max-video-preview":"max-video-preview:-1"},"canonical":"https:\/\/lialsystems.com.co\/en\/servicios\/","og_locale":"en_US","og_type":"article","og_title":"Servicios - Lial Systems","og_description":"Servicios Home &#8211; Servicios Tenemos servicios y soluciones Revisa en detalle lo que podemos hacer por t\u00ed Servicios TI Las soluciones de sistemas digitales est\u00e1n a tu alcance y puedes confiar en que tendr\u00e1s la mejor tecnolog\u00eda existente. Leer m\u00e1s Manufactura Convertir las ideas en realidad es lo que mejor sabemos hacer. Nuestras f\u00e1bricas est\u00e1n&hellip;","og_url":"https:\/\/lialsystems.com.co\/en\/servicios\/","og_site_name":"Lial Systems","article_modified_time":"2023-12-20T14:11:33+00:00","og_image":[{"url":"https:\/\/lialsystems.com.co\/wp-content\/plugins\/bb-plugin\/img\/pixel.png"}],"twitter_card":"summary_large_image","twitter_misc":{"Est. reading time":"2 minutes"},"schema":{"@context":"https:\/\/schema.org","@graph":[{"@type":"WebPage","@id":"https:\/\/lialsystems.com.co\/servicios\/","url":"https:\/\/lialsystems.com.co\/servicios\/","name":"Servicios - Lial Systems","isPartOf":{"@id":"https:\/\/lialsystems.com.co\/#website"},"primaryImageOfPage":{"@id":"https:\/\/lialsystems.com.co\/servicios\/#primaryimage"},"image":{"@id":"https:\/\/lialsystems.com.co\/servicios\/#primaryimage"},"thumbnailUrl":"https:\/\/lialsystems.com.co\/wp-content\/plugins\/bb-plugin\/img\/pixel.png","datePublished":"2023-11-27T09:59:46+00:00","dateModified":"2023-12-20T14:11:33+00:00","breadcrumb":{"@id":"https:\/\/lialsystems.com.co\/servicios\/#breadcrumb"},"inLanguage":"en-US","potentialAction":[{"@type":"ReadAction","target":["https:\/\/lialsystems.com.co\/servicios\/"]}]},{"@type":"ImageObject","inLanguage":"en-US","@id":"https:\/\/lialsystems.com.co\/servicios\/#primaryimage","url":"https:\/\/lialsystems.com.co\/wp-content\/plugins\/bb-plugin\/img\/pixel.png","contentUrl":"https:\/\/lialsystems.com.co\/wp-content\/plugins\/bb-plugin\/img\/pixel.png"},{"@type":"BreadcrumbList","@id":"https:\/\/lialsystems.com.co\/servicios\/#breadcrumb","itemListElement":[{"@type":"ListItem","position":1,"name":"Home","item":"https:\/\/lialsystems.com.co\/"},{"@type":"ListItem","position":2,"name":"Servicios"}]},{"@type":"WebSite","@id":"https:\/\/lialsystems.com.co\/#website","url":"https:\/\/lialsystems.com.co\/","name":"Lial Systems","description":"IT &amp; Manufacturing","potentialAction":[{"@type":"SearchAction","target":{"@type":"EntryPoint","urlTemplate":"https:\/\/lialsystems.com.co\/?s={search_term_string}"},"query-input":"required name=search_term_string"}],"inLanguage":"en-US"}]}},"_links":{"self":[{"href":"https:\/\/lialsystems.com.co\/en\/wp-json\/wp\/v2\/pages\/26"}],"collection":[{"href":"https:\/\/lialsystems.com.co\/en\/wp-json\/wp\/v2\/pages"}],"about":[{"href":"https:\/\/lialsystems.com.co\/en\/wp-json\/wp\/v2\/types\/page"}],"author":[{"embeddable":true,"href":"https:\/\/lialsystems.com.co\/en\/wp-json\/wp\/v2\/users\/1"}],"replies":[{"embeddable":true,"href":"https:\/\/lialsystems.com.co\/en\/wp-json\/wp\/v2\/comments?post=26"}],"version-history":[{"count":5,"href":"https:\/\/lialsystems.com.co\/en\/wp-json\/wp\/v2\/pages\/26\/revisions"}],"predecessor-version":[{"id":451,"href":"https:\/\/lialsystems.com.co\/en\/wp-json\/wp\/v2\/pages\/26\/revisions\/451"}],"wp:attachment":[{"href":"https:\/\/lialsystems.com.co\/en\/wp-json\/wp\/v2\/media?parent=26"}],"curies":[{"name":"wp","href":"https:\/\/api.w.org\/{rel}","templated":true}]}}