{"id":30,"date":"2023-11-27T10:00:13","date_gmt":"2023-11-27T10:00:13","guid":{"rendered":"https:\/\/lialsystems.com.co\/?page_id=30"},"modified":"2025-05-16T07:52:09","modified_gmt":"2025-05-16T07:52:09","slug":"manufactura","status":"publish","type":"page","link":"https:\/\/lialsystems.com.co\/en\/servicios\/manufactura\/","title":{"rendered":"Manufacturing"},"content":{"rendered":"<h5>\n\t\tA company for your company\n\t<\/h5>\n\n\t<nav id=\"breadcrumbs\" aria-label=\"Breadcrumbs\"><a href=\"https:\/\/lialsystems.com.co\/en\/\">Home<\/a> &#8211; <a href=\"https:\/\/lialsystems.com.co\/en\/servicios\/\">Services<\/a> &#8211; Manufactura<\/nav><h2>\n\t\tManufacturing\n\t<\/h2>\n\t<p>Whenever you see people wearing fine denim or a fancy coat you see fashion. For sure, fashion does not come out of nowhere: it comes from a factory. Manufacturing is the refined and optimized process that turns designs into wearable fashion.<\/p>\n<p>A perfect balance between design and fabrics makes people feel comfortable on a daily basis. Mixing styles and sewing techniques ensures the final product\u2019s quality and uniqueness.<\/p>\n<p>Lial Systems wants to take part in your creative process by giving you the best available techniques and technologies. By offering you the factories, you can meet deadlines and achieve growth in every batch of clothes.<\/p>\n<h4>\n\t\tWhat services do we offer?\n\t<\/h4>\n\t<p>Our manufacturing process focuses mainly on three specific tasks:<\/p>\n\t\t\t\t<img loading=\"lazy\" decoding=\"async\" src=\"https:\/\/lialsystems.com.co\/wp-content\/uploads\/2023\/12\/Icon-t-shirt.svg\" alt=\"Icon t shirt\" itemprop=\"image\" height=\"64\" width=\"78\" title=\"Icon t shirt\" onerror=\"this.style.display='none'\"  \/>\n<h6>\n\t\tAnalysis of Design\n\t<\/h6>\n\t<p>Have a full understanding of the design\u2019s purpose. We must know how the piece is meant to fit the targeted buyer.<\/p>\n\t\t\t\t<img loading=\"lazy\" decoding=\"async\" src=\"https:\/\/lialsystems.com.co\/wp-content\/uploads\/2023\/12\/Icon-packaging.svg\" alt=\"Icon packaging\" itemprop=\"image\" height=\"56\" width=\"56\" title=\"Icon packaging\" onerror=\"this.style.display='none'\"  \/>\n<h6>\n\t\tComparison of Materials\n\t<\/h6>\n\t<p>Not all materials feel right for every season or for every occasion. Selecting the right materials is key to having top quality.<\/p>\n\t\t\t\t<img loading=\"lazy\" decoding=\"async\" src=\"https:\/\/lialsystems.com.co\/wp-content\/uploads\/2023\/12\/Icon-factory.svg\" alt=\"Icon factory\" itemprop=\"image\" height=\"64\" width=\"80\" title=\"Icon factory\" onerror=\"this.style.display='none'\"  \/>\n<h6>\n\t\tContinuous Production\n\t<\/h6>\n\t<p>Having a continuous production line ensures no delays in deliveries and deadlines. Our technology is reliable and durable so making it on time is not an issue.<\/p>\n<h4>\n\t\tWhy Choose Us?\n\t<\/h4>\n\t<p>Our values and commitment to finding the right team for the right project are key. We know how important it is to rely on your production in good hands. Hence, we are always in the process of finding new technologies and trained personnel to add to our manufacturing processes. When you hire us, you hire quality and experience.<\/p>\n\t\t\t\t<img loading=\"lazy\" decoding=\"async\" src=\"https:\/\/i0.wp.com\/lialsystems.com.co\/wp-content\/uploads\/2025\/05\/photo-1581091226825-a6a2a5aee158.jpg?resize=2000%2C1334&#038;ssl=1\" alt=\"photo-1581091226825-a6a2a5aee158\" itemprop=\"image\" height=\"1334\" width=\"2000\" title=\"photo-1581091226825-a6a2a5aee158\" onerror=\"this.style.display='none'\"  data-recalc-dims=\"1\" \/>\n\t\t\t\t<img loading=\"lazy\" decoding=\"async\" src=\"https:\/\/i0.wp.com\/lialsystems.com.co\/wp-content\/uploads\/2025\/05\/photo-1673201229733-69d19c5c4a87.jpg?resize=2000%2C1333&#038;ssl=1\" alt=\"photo-1673201229733-69d19c5c4a87\" itemprop=\"image\" height=\"1333\" width=\"2000\" title=\"photo-1673201229733-69d19c5c4a87\" onerror=\"this.style.display='none'\"  data-recalc-dims=\"1\" \/>\n<h2>\n\t\tAsk us a question for free\n\t<\/h2>\n\t<p>It is important for us to know how to contact you to follow up on your questions. Therefore feel free to leave your contact information and we will approach you as soon as possible.<\/p>\n\t\n<div class=\"wpcf7 no-js\" id=\"wpcf7-f303-o1\" lang=\"en-US\" dir=\"ltr\">\n<div class=\"screen-reader-response\"><p role=\"status\" aria-live=\"polite\" aria-atomic=\"true\"><\/p> <ul><\/ul><\/div>\n<form action=\"\/en\/wp-json\/wp\/v2\/pages\/30#wpcf7-f303-o1\" method=\"post\" class=\"wpcf7-form init\" aria-label=\"Contact form\" novalidate=\"novalidate\" data-status=\"init\" data-trp-original-action=\"\/en\/wp-json\/wp\/v2\/pages\/30#wpcf7-f303-o1\">\n<div style=\"display: none;\">\n<input type=\"hidden\" name=\"_wpcf7\" value=\"303\" \/>\n<input type=\"hidden\" name=\"_wpcf7_version\" value=\"5.9.5\" \/>\n<input type=\"hidden\" name=\"_wpcf7_locale\" value=\"en_US\" \/>\n<input type=\"hidden\" name=\"_wpcf7_unit_tag\" value=\"wpcf7-f303-o1\" \/>\n<input type=\"hidden\" name=\"_wpcf7_container_post\" value=\"0\" \/>\n<input type=\"hidden\" name=\"_wpcf7_posted_data_hash\" value=\"\" \/>\n<\/div>\n<p><label><span class=\"wpcf7-form-control-wrap\" data-name=\"your-name\"><input size=\"40\" class=\"wpcf7-form-control wpcf7-text wpcf7-validates-as-required\" autocomplete=\"name\" aria-required=\"true\" aria-invalid=\"false\" placeholder=\"Name\" value=\"\" type=\"text\" name=\"your-name\" \/><\/span> <\/label>\n<\/p>\n<p><label><span class=\"wpcf7-form-control-wrap\" data-name=\"phone\"><input size=\"40\" class=\"wpcf7-form-control wpcf7-phonetext wpcf7-validates-as-required wpcf7-text wpcf7-validates-as-phonetext\" aria-required=\"true\" aria-invalid=\"false\" placeholder=\"N\u00famero de tel\u00e9fono\" value=\"\" type=\"text\" name=\"phone\" \/><input type=\"hidden\" name=\"phone-country-code\" class=\"wpcf7-phonetext-country-code\" \/><\/span> <\/label>\n<\/p>\n<p><label><span class=\"wpcf7-form-control-wrap\" data-name=\"your-email\"><input size=\"40\" class=\"wpcf7-form-control wpcf7-email wpcf7-validates-as-required wpcf7-text wpcf7-validates-as-email\" autocomplete=\"email\" aria-required=\"true\" aria-invalid=\"false\" placeholder=\"Email\" value=\"\" type=\"email\" name=\"your-email\" \/><\/span> <\/label>\n<\/p>\n<p><label><span class=\"wpcf7-form-control-wrap\" data-name=\"message\"><textarea cols=\"40\" rows=\"10\" class=\"wpcf7-form-control wpcf7-textarea wpcf7-validates-as-required\" aria-required=\"true\" aria-invalid=\"false\" placeholder=\"Your message\" name=\"message\"><\/textarea><\/span><\/label>\n<\/p>\n<p><input class=\"wpcf7-form-control wpcf7-submit has-spinner\" type=\"submit\" value=\"Send\" \/>\n<\/p><div class=\"wpcf7-response-output\" aria-hidden=\"true\"><\/div>\n<input type=\"hidden\" name=\"trp-form-language\" value=\"en\"\/><\/form>\n<\/div>","protected":false},"excerpt":{"rendered":"<p>Una empresa para tu empresa Home &#8211; Servicios &#8211; Manufactura Manufactura Siempre que ves gente vistiendo vaqueros finos o un abrigo elegante, ves moda. Toda la moda no surge de la nada: viene de una f\u00e1brica. La manufactura o fabricaci\u00f3n es el proceso refinado y optimizado que convierte los dise\u00f1os en ropa para lucir. Un&hellip;<\/p>","protected":false},"author":1,"featured_media":0,"parent":26,"menu_order":0,"comment_status":"closed","ping_status":"closed","template":"","meta":{"_acf_changed":false,"footnotes":""},"acf":[],"yoast_head":"<!-- This site is optimized with the Yoast SEO plugin v22.8 - https:\/\/yoast.com\/wordpress\/plugins\/seo\/ -->\n<title>Manufactura - Lial Systems<\/title>\n<meta name=\"robots\" content=\"index, follow, max-snippet:-1, max-image-preview:large, max-video-preview:-1\" \/>\n<link rel=\"canonical\" href=\"https:\/\/lialsystems.com.co\/en\/servicios\/manufactura\/\" \/>\n<meta property=\"og:locale\" content=\"en_US\" \/>\n<meta property=\"og:type\" content=\"article\" \/>\n<meta property=\"og:title\" content=\"Manufactura - Lial Systems\" \/>\n<meta property=\"og:description\" content=\"Una empresa para tu empresa Home &#8211; Servicios &#8211; Manufactura Manufactura Siempre que ves gente vistiendo vaqueros finos o un abrigo elegante, ves moda. Toda la moda no surge de la nada: viene de una f\u00e1brica. La manufactura o fabricaci\u00f3n es el proceso refinado y optimizado que convierte los dise\u00f1os en ropa para lucir. Un&hellip;\" \/>\n<meta property=\"og:url\" content=\"https:\/\/lialsystems.com.co\/en\/servicios\/manufactura\/\" \/>\n<meta property=\"og:site_name\" content=\"Lial Systems\" \/>\n<meta property=\"article:modified_time\" content=\"2025-05-16T07:52:09+00:00\" \/>\n<meta property=\"og:image\" content=\"https:\/\/lialsystems.com.co\/wp-content\/uploads\/2023\/12\/Icon-t-shirt.svg\" \/>\n<meta name=\"twitter:card\" content=\"summary_large_image\" \/>\n<meta name=\"twitter:label1\" content=\"Est. reading time\" \/>\n\t<meta name=\"twitter:data1\" content=\"3 minutes\" \/>\n<script type=\"application\/ld+json\" class=\"yoast-schema-graph\">{\"@context\":\"https:\/\/schema.org\",\"@graph\":[{\"@type\":\"WebPage\",\"@id\":\"https:\/\/lialsystems.com.co\/servicios\/manufactura\/\",\"url\":\"https:\/\/lialsystems.com.co\/servicios\/manufactura\/\",\"name\":\"Manufactura - Lial Systems\",\"isPartOf\":{\"@id\":\"https:\/\/lialsystems.com.co\/#website\"},\"primaryImageOfPage\":{\"@id\":\"https:\/\/lialsystems.com.co\/servicios\/manufactura\/#primaryimage\"},\"image\":{\"@id\":\"https:\/\/lialsystems.com.co\/servicios\/manufactura\/#primaryimage\"},\"thumbnailUrl\":\"https:\/\/lialsystems.com.co\/wp-content\/uploads\/2023\/12\/Icon-t-shirt.svg\",\"datePublished\":\"2023-11-27T10:00:13+00:00\",\"dateModified\":\"2025-05-16T07:52:09+00:00\",\"breadcrumb\":{\"@id\":\"https:\/\/lialsystems.com.co\/servicios\/manufactura\/#breadcrumb\"},\"inLanguage\":\"en-US\",\"potentialAction\":[{\"@type\":\"ReadAction\",\"target\":[\"https:\/\/lialsystems.com.co\/servicios\/manufactura\/\"]}]},{\"@type\":\"ImageObject\",\"inLanguage\":\"en-US\",\"@id\":\"https:\/\/lialsystems.com.co\/servicios\/manufactura\/#primaryimage\",\"url\":\"https:\/\/lialsystems.com.co\/wp-content\/uploads\/2023\/12\/Icon-t-shirt.svg\",\"contentUrl\":\"https:\/\/lialsystems.com.co\/wp-content\/uploads\/2023\/12\/Icon-t-shirt.svg\"},{\"@type\":\"BreadcrumbList\",\"@id\":\"https:\/\/lialsystems.com.co\/servicios\/manufactura\/#breadcrumb\",\"itemListElement\":[{\"@type\":\"ListItem\",\"position\":1,\"name\":\"Home\",\"item\":\"https:\/\/lialsystems.com.co\/\"},{\"@type\":\"ListItem\",\"position\":2,\"name\":\"Servicios\",\"item\":\"https:\/\/lialsystems.com.co\/servicios\/\"},{\"@type\":\"ListItem\",\"position\":3,\"name\":\"Manufactura\"}]},{\"@type\":\"WebSite\",\"@id\":\"https:\/\/lialsystems.com.co\/#website\",\"url\":\"https:\/\/lialsystems.com.co\/\",\"name\":\"Lial Systems\",\"description\":\"IT &amp; Manufacturing\",\"potentialAction\":[{\"@type\":\"SearchAction\",\"target\":{\"@type\":\"EntryPoint\",\"urlTemplate\":\"https:\/\/lialsystems.com.co\/?s={search_term_string}\"},\"query-input\":\"required name=search_term_string\"}],\"inLanguage\":\"en-US\"}]}<\/script>\n<!-- \/ Yoast SEO plugin. -->","yoast_head_json":{"title":"Manufactura - Lial Systems","robots":{"index":"index","follow":"follow","max-snippet":"max-snippet:-1","max-image-preview":"max-image-preview:large","max-video-preview":"max-video-preview:-1"},"canonical":"https:\/\/lialsystems.com.co\/en\/servicios\/manufactura\/","og_locale":"en_US","og_type":"article","og_title":"Manufactura - Lial Systems","og_description":"Una empresa para tu empresa Home &#8211; Servicios &#8211; Manufactura Manufactura Siempre que ves gente vistiendo vaqueros finos o un abrigo elegante, ves moda. Toda la moda no surge de la nada: viene de una f\u00e1brica. La manufactura o fabricaci\u00f3n es el proceso refinado y optimizado que convierte los dise\u00f1os en ropa para lucir. Un&hellip;","og_url":"https:\/\/lialsystems.com.co\/en\/servicios\/manufactura\/","og_site_name":"Lial Systems","article_modified_time":"2025-05-16T07:52:09+00:00","og_image":[{"url":"https:\/\/lialsystems.com.co\/wp-content\/uploads\/2023\/12\/Icon-t-shirt.svg"}],"twitter_card":"summary_large_image","twitter_misc":{"Est. reading time":"3 minutes"},"schema":{"@context":"https:\/\/schema.org","@graph":[{"@type":"WebPage","@id":"https:\/\/lialsystems.com.co\/servicios\/manufactura\/","url":"https:\/\/lialsystems.com.co\/servicios\/manufactura\/","name":"Manufactura - Lial Systems","isPartOf":{"@id":"https:\/\/lialsystems.com.co\/#website"},"primaryImageOfPage":{"@id":"https:\/\/lialsystems.com.co\/servicios\/manufactura\/#primaryimage"},"image":{"@id":"https:\/\/lialsystems.com.co\/servicios\/manufactura\/#primaryimage"},"thumbnailUrl":"https:\/\/lialsystems.com.co\/wp-content\/uploads\/2023\/12\/Icon-t-shirt.svg","datePublished":"2023-11-27T10:00:13+00:00","dateModified":"2025-05-16T07:52:09+00:00","breadcrumb":{"@id":"https:\/\/lialsystems.com.co\/servicios\/manufactura\/#breadcrumb"},"inLanguage":"en-US","potentialAction":[{"@type":"ReadAction","target":["https:\/\/lialsystems.com.co\/servicios\/manufactura\/"]}]},{"@type":"ImageObject","inLanguage":"en-US","@id":"https:\/\/lialsystems.com.co\/servicios\/manufactura\/#primaryimage","url":"https:\/\/lialsystems.com.co\/wp-content\/uploads\/2023\/12\/Icon-t-shirt.svg","contentUrl":"https:\/\/lialsystems.com.co\/wp-content\/uploads\/2023\/12\/Icon-t-shirt.svg"},{"@type":"BreadcrumbList","@id":"https:\/\/lialsystems.com.co\/servicios\/manufactura\/#breadcrumb","itemListElement":[{"@type":"ListItem","position":1,"name":"Home","item":"https:\/\/lialsystems.com.co\/"},{"@type":"ListItem","position":2,"name":"Servicios","item":"https:\/\/lialsystems.com.co\/servicios\/"},{"@type":"ListItem","position":3,"name":"Manufactura"}]},{"@type":"WebSite","@id":"https:\/\/lialsystems.com.co\/#website","url":"https:\/\/lialsystems.com.co\/","name":"Lial Systems","description":"IT &amp; Manufacturing","potentialAction":[{"@type":"SearchAction","target":{"@type":"EntryPoint","urlTemplate":"https:\/\/lialsystems.com.co\/?s={search_term_string}"},"query-input":"required name=search_term_string"}],"inLanguage":"en-US"}]}},"_links":{"self":[{"href":"https:\/\/lialsystems.com.co\/en\/wp-json\/wp\/v2\/pages\/30"}],"collection":[{"href":"https:\/\/lialsystems.com.co\/en\/wp-json\/wp\/v2\/pages"}],"about":[{"href":"https:\/\/lialsystems.com.co\/en\/wp-json\/wp\/v2\/types\/page"}],"author":[{"embeddable":true,"href":"https:\/\/lialsystems.com.co\/en\/wp-json\/wp\/v2\/users\/1"}],"replies":[{"embeddable":true,"href":"https:\/\/lialsystems.com.co\/en\/wp-json\/wp\/v2\/comments?post=30"}],"version-history":[{"count":9,"href":"https:\/\/lialsystems.com.co\/en\/wp-json\/wp\/v2\/pages\/30\/revisions"}],"predecessor-version":[{"id":528,"href":"https:\/\/lialsystems.com.co\/en\/wp-json\/wp\/v2\/pages\/30\/revisions\/528"}],"up":[{"embeddable":true,"href":"https:\/\/lialsystems.com.co\/en\/wp-json\/wp\/v2\/pages\/26"}],"wp:attachment":[{"href":"https:\/\/lialsystems.com.co\/en\/wp-json\/wp\/v2\/media?parent=30"}],"curies":[{"name":"wp","href":"https:\/\/api.w.org\/{rel}","templated":true}]}}