{"id":35,"date":"2023-11-27T10:01:35","date_gmt":"2023-11-27T10:01:35","guid":{"rendered":"https:\/\/lialsystems.com.co\/?page_id=35"},"modified":"2025-05-16T07:55:08","modified_gmt":"2025-05-16T07:55:08","slug":"contacto","status":"publish","type":"page","link":"https:\/\/lialsystems.com.co\/en\/contacto\/","title":{"rendered":"Contact"},"content":{"rendered":"<h5>\n\t\tAs soon as possible\n\t<\/h5>\n<h1>\n\t\tLet us have a meeting \n\t<\/h1>\n\t<nav id=\"breadcrumbs\" aria-label=\"Breadcrumbs\"><a href=\"https:\/\/lialsystems.com.co\/en\/\">Home<\/a> &#8211; Contacto<\/nav><h5>\n\t\tContact us\n\t<\/h5>\n<h2>\n\t\tOr if you are too busy, we can have a virtual meeting or a call.\n\t<\/h2>\n\t\t\t\t<img decoding=\"async\" src=\"https:\/\/i0.wp.com\/lialsystems.com.co\/wp-content\/plugins\/bb-plugin\/img\/pixel.png?ssl=1\" alt=\"\" itemprop=\"image\" onerror=\"this.style.display='none'\"  data-recalc-dims=\"1\" \/>\n\t\t\t\t<img loading=\"lazy\" decoding=\"async\" src=\"https:\/\/lialsystems.com.co\/wp-content\/uploads\/2023\/11\/Icon-IT.svg\" alt=\"Icon IT\" itemprop=\"image\" height=\"64\" width=\"80\" title=\"Icon IT\" onerror=\"this.style.display='none'\"  \/>\n<h3>\n\t\tLial IT Headquarters\n\t<\/h3>\n<h6>\n\t\tPhone\n\t<\/h6>\n\t<p><a href=\"tel:678-701-8828\">678-701-8828<\/a><\/p>\n<h6>\n\t\tEmail\n\t<\/h6>\n\t<p><a href=\"mailto:info@lialsystems.com.co\">info@lialsystems.com.co<\/a><\/p>\n<h6>\n\t\tOpening times\n\t<\/h6>\n<table  data-tablesaw-minimap>\n\t\t\t<thead>\n\t\t<tr>\n\t\t\t<th id=\"pp-table-col-1\" scope=\"col\" data-tablesaw-sortable-col>\t\t\t\t\t\n\t\t\t\t\t<\/th>\t\t<\/tr>\n\t<\/thead>\n\t\t<tbody>\n\t\t<tr data-row-index=\"1\"><td colspan=\"1\">Monday<\/td><td>9am &#8211; 7pm<\/td><\/tr><tr data-row-index=\"2\"><td>Tuesday<\/td><td>9am &#8211; 7pm<\/td><\/tr><tr data-row-index=\"3\"><td>Wednesday<\/td><td>9am &#8211; 7pm<\/td><\/tr><tr data-row-index=\"4\"><td>Thursday<\/td><td>9am &#8211; 7pm<\/td><\/tr><tr data-row-index=\"5\"><td>Friday<\/td><td>9am &#8211; 4pm<\/td><\/tr><tr data-row-index=\"6\"><td>Saturday \/ Sunday<\/td><td>Closed<\/td><\/tr>\t<\/tbody>\n<\/table>\n\t\t\t\t<img decoding=\"async\" src=\"https:\/\/i0.wp.com\/lialsystems.com.co\/wp-content\/plugins\/bb-plugin\/img\/pixel.png?ssl=1\" alt=\"\" itemprop=\"image\" onerror=\"this.style.display='none'\"  data-recalc-dims=\"1\" \/>\n\t\t\t\t<img loading=\"lazy\" decoding=\"async\" src=\"https:\/\/lialsystems.com.co\/wp-content\/uploads\/2023\/11\/Icon-manufacturing.svg\" alt=\"Icon manufacturing\" itemprop=\"image\" height=\"56\" width=\"64\" title=\"Icon manufacturing\" onerror=\"this.style.display='none'\"  \/>\n<h3>\n\t\tLola Manufacturing\n\t<\/h3>\n<h6>\n\t\tPhone\n\t<\/h6>\n\t<p><a href=\"tel:678-701-8828\">678-701-8828<\/a><\/p>\n<h6>\n\t\tEmail\n\t<\/h6>\n\t<p><a href=\"mailto:hello@lolaandfluff.com\">hello@lolaandfluff.com<\/a><\/p>\n<h6>\n\t\tOpening times\n\t<\/h6>\n<table  data-tablesaw-minimap>\n\t\t\t<thead>\n\t\t<tr>\n\t\t\t<th id=\"pp-table-col-1\" scope=\"col\" data-tablesaw-sortable-col>\t\t\t\t\t\n\t\t\t\t\t<\/th>\t\t<\/tr>\n\t<\/thead>\n\t\t<tbody>\n\t\t<tr data-row-index=\"1\"><td colspan=\"1\">Monday<\/td><td>9am &#8211; 7pm<\/td><\/tr><tr data-row-index=\"2\"><td>Tuesday<\/td><td>9am &#8211; 7pm<\/td><\/tr><tr data-row-index=\"3\"><td>Wednesday<\/td><td>9am &#8211; 7pm<\/td><\/tr><tr data-row-index=\"4\"><td>Thursday<\/td><td>9am &#8211; 7pm<\/td><\/tr><tr data-row-index=\"5\"><td>Friday<\/td><td>9am &#8211; 4pm<\/td><\/tr><tr data-row-index=\"6\"><td>Saturday \/ Sunday<\/td><td>Closed<\/td><\/tr>\t<\/tbody>\n<\/table>\n\t\t\t\t<img loading=\"lazy\" decoding=\"async\" src=\"https:\/\/i0.wp.com\/lialsystems.com.co\/wp-content\/uploads\/2025\/05\/photo-1709715357479-591f9971fb05.jpg?resize=2000%2C1333&#038;ssl=1\" alt=\"photo-1709715357479-591f9971fb05\" itemprop=\"image\" height=\"1333\" width=\"2000\" title=\"photo-1709715357479-591f9971fb05\" onerror=\"this.style.display='none'\"  data-recalc-dims=\"1\" \/>\n<h3>\n\t\tLet us know how big your project is\n\t<\/h3>\n\t<p>Fill in detail every part of the vision you have for your business in the upcoming future.<\/p>\n\t\n<div class=\"wpcf7 no-js\" id=\"wpcf7-f303-o1\" lang=\"en-US\" dir=\"ltr\">\n<div class=\"screen-reader-response\"><p role=\"status\" aria-live=\"polite\" aria-atomic=\"true\"><\/p> <ul><\/ul><\/div>\n<form action=\"\/en\/wp-json\/wp\/v2\/pages\/35#wpcf7-f303-o1\" method=\"post\" class=\"wpcf7-form init\" aria-label=\"Contact form\" novalidate=\"novalidate\" data-status=\"init\" data-trp-original-action=\"\/en\/wp-json\/wp\/v2\/pages\/35#wpcf7-f303-o1\">\n<div style=\"display: none;\">\n<input type=\"hidden\" name=\"_wpcf7\" value=\"303\" \/>\n<input type=\"hidden\" name=\"_wpcf7_version\" value=\"5.9.5\" \/>\n<input type=\"hidden\" name=\"_wpcf7_locale\" value=\"en_US\" \/>\n<input type=\"hidden\" name=\"_wpcf7_unit_tag\" value=\"wpcf7-f303-o1\" \/>\n<input type=\"hidden\" name=\"_wpcf7_container_post\" value=\"0\" \/>\n<input type=\"hidden\" name=\"_wpcf7_posted_data_hash\" value=\"\" \/>\n<\/div>\n<p><label><span class=\"wpcf7-form-control-wrap\" data-name=\"your-name\"><input size=\"40\" class=\"wpcf7-form-control wpcf7-text wpcf7-validates-as-required\" autocomplete=\"name\" aria-required=\"true\" aria-invalid=\"false\" placeholder=\"Name\" value=\"\" type=\"text\" name=\"your-name\" \/><\/span> <\/label>\n<\/p>\n<p><label><span class=\"wpcf7-form-control-wrap\" data-name=\"phone\"><input size=\"40\" class=\"wpcf7-form-control wpcf7-phonetext wpcf7-validates-as-required wpcf7-text wpcf7-validates-as-phonetext\" aria-required=\"true\" aria-invalid=\"false\" placeholder=\"N\u00famero de tel\u00e9fono\" value=\"\" type=\"text\" name=\"phone\" \/><input type=\"hidden\" name=\"phone-country-code\" class=\"wpcf7-phonetext-country-code\" \/><\/span> <\/label>\n<\/p>\n<p><label><span class=\"wpcf7-form-control-wrap\" data-name=\"your-email\"><input size=\"40\" class=\"wpcf7-form-control wpcf7-email wpcf7-validates-as-required wpcf7-text wpcf7-validates-as-email\" autocomplete=\"email\" aria-required=\"true\" aria-invalid=\"false\" placeholder=\"Email\" value=\"\" type=\"email\" name=\"your-email\" \/><\/span> <\/label>\n<\/p>\n<p><label><span class=\"wpcf7-form-control-wrap\" data-name=\"message\"><textarea cols=\"40\" rows=\"10\" class=\"wpcf7-form-control wpcf7-textarea wpcf7-validates-as-required\" aria-required=\"true\" aria-invalid=\"false\" placeholder=\"Your message\" name=\"message\"><\/textarea><\/span><\/label>\n<\/p>\n<p><input class=\"wpcf7-form-control wpcf7-submit has-spinner\" type=\"submit\" value=\"Send\" \/>\n<\/p><div class=\"wpcf7-response-output\" aria-hidden=\"true\"><\/div>\n<input type=\"hidden\" name=\"trp-form-language\" value=\"en\"\/><\/form>\n<\/div>","protected":false},"excerpt":{"rendered":"<p>Cuanto antes Vamos a reunirnos Home &#8211; Contacto Somos flexibles Y si est\u00e1s muy ocupado podemos tener una llamada o una videollamada. Sede de Lial IT Tel\u00e9fono 678-701-8828 correo electr\u00f3nico info@lialsystems.com.co Horario de atenci\u00f3 Lunes 9am &#8211; 7pm Martes 9am &#8211; 7pm Mi\u00e9rcoles 9am &#8211; 7pm Jueves 9am &#8211; 7pm Viernes 9am &#8211; 4pm S\u00e1bado&hellip;<\/p>","protected":false},"author":1,"featured_media":0,"parent":0,"menu_order":0,"comment_status":"closed","ping_status":"closed","template":"","meta":{"_acf_changed":false,"footnotes":""},"acf":[],"yoast_head":"<!-- This site is optimized with the Yoast SEO plugin v22.8 - https:\/\/yoast.com\/wordpress\/plugins\/seo\/ -->\n<title>Contacto - Lial Systems<\/title>\n<meta name=\"robots\" content=\"index, follow, max-snippet:-1, max-image-preview:large, max-video-preview:-1\" \/>\n<link rel=\"canonical\" href=\"https:\/\/lialsystems.com.co\/en\/contacto\/\" \/>\n<meta property=\"og:locale\" content=\"en_US\" \/>\n<meta property=\"og:type\" content=\"article\" \/>\n<meta property=\"og:title\" content=\"Contacto - Lial Systems\" \/>\n<meta property=\"og:description\" content=\"Cuanto antes Vamos a reunirnos Home &#8211; Contacto Somos flexibles Y si est\u00e1s muy ocupado podemos tener una llamada o una videollamada. Sede de Lial IT Tel\u00e9fono 678-701-8828 correo electr\u00f3nico info@lialsystems.com.co Horario de atenci\u00f3 Lunes 9am &#8211; 7pm Martes 9am &#8211; 7pm Mi\u00e9rcoles 9am &#8211; 7pm Jueves 9am &#8211; 7pm Viernes 9am &#8211; 4pm S\u00e1bado&hellip;\" \/>\n<meta property=\"og:url\" content=\"https:\/\/lialsystems.com.co\/en\/contacto\/\" \/>\n<meta property=\"og:site_name\" content=\"Lial Systems\" \/>\n<meta property=\"article:modified_time\" content=\"2025-05-16T07:55:08+00:00\" \/>\n<meta property=\"og:image\" content=\"https:\/\/lialsystems.com.co\/wp-content\/plugins\/bb-plugin\/img\/pixel.png\" \/>\n<meta name=\"twitter:card\" content=\"summary_large_image\" \/>\n<meta name=\"twitter:label1\" content=\"Est. reading time\" \/>\n\t<meta name=\"twitter:data1\" content=\"2 minutes\" \/>\n<script type=\"application\/ld+json\" class=\"yoast-schema-graph\">{\"@context\":\"https:\/\/schema.org\",\"@graph\":[{\"@type\":\"WebPage\",\"@id\":\"https:\/\/lialsystems.com.co\/contacto\/\",\"url\":\"https:\/\/lialsystems.com.co\/contacto\/\",\"name\":\"Contacto - Lial Systems\",\"isPartOf\":{\"@id\":\"https:\/\/lialsystems.com.co\/#website\"},\"primaryImageOfPage\":{\"@id\":\"https:\/\/lialsystems.com.co\/contacto\/#primaryimage\"},\"image\":{\"@id\":\"https:\/\/lialsystems.com.co\/contacto\/#primaryimage\"},\"thumbnailUrl\":\"https:\/\/lialsystems.com.co\/wp-content\/plugins\/bb-plugin\/img\/pixel.png\",\"datePublished\":\"2023-11-27T10:01:35+00:00\",\"dateModified\":\"2025-05-16T07:55:08+00:00\",\"breadcrumb\":{\"@id\":\"https:\/\/lialsystems.com.co\/contacto\/#breadcrumb\"},\"inLanguage\":\"en-US\",\"potentialAction\":[{\"@type\":\"ReadAction\",\"target\":[\"https:\/\/lialsystems.com.co\/contacto\/\"]}]},{\"@type\":\"ImageObject\",\"inLanguage\":\"en-US\",\"@id\":\"https:\/\/lialsystems.com.co\/contacto\/#primaryimage\",\"url\":\"https:\/\/lialsystems.com.co\/wp-content\/plugins\/bb-plugin\/img\/pixel.png\",\"contentUrl\":\"https:\/\/lialsystems.com.co\/wp-content\/plugins\/bb-plugin\/img\/pixel.png\"},{\"@type\":\"BreadcrumbList\",\"@id\":\"https:\/\/lialsystems.com.co\/contacto\/#breadcrumb\",\"itemListElement\":[{\"@type\":\"ListItem\",\"position\":1,\"name\":\"Home\",\"item\":\"https:\/\/lialsystems.com.co\/\"},{\"@type\":\"ListItem\",\"position\":2,\"name\":\"Contacto\"}]},{\"@type\":\"WebSite\",\"@id\":\"https:\/\/lialsystems.com.co\/#website\",\"url\":\"https:\/\/lialsystems.com.co\/\",\"name\":\"Lial Systems\",\"description\":\"IT &amp; Manufacturing\",\"potentialAction\":[{\"@type\":\"SearchAction\",\"target\":{\"@type\":\"EntryPoint\",\"urlTemplate\":\"https:\/\/lialsystems.com.co\/?s={search_term_string}\"},\"query-input\":\"required name=search_term_string\"}],\"inLanguage\":\"en-US\"}]}<\/script>\n<!-- \/ Yoast SEO plugin. -->","yoast_head_json":{"title":"Contacto - Lial Systems","robots":{"index":"index","follow":"follow","max-snippet":"max-snippet:-1","max-image-preview":"max-image-preview:large","max-video-preview":"max-video-preview:-1"},"canonical":"https:\/\/lialsystems.com.co\/en\/contacto\/","og_locale":"en_US","og_type":"article","og_title":"Contacto - Lial Systems","og_description":"Cuanto antes Vamos a reunirnos Home &#8211; Contacto Somos flexibles Y si est\u00e1s muy ocupado podemos tener una llamada o una videollamada. Sede de Lial IT Tel\u00e9fono 678-701-8828 correo electr\u00f3nico info@lialsystems.com.co Horario de atenci\u00f3 Lunes 9am &#8211; 7pm Martes 9am &#8211; 7pm Mi\u00e9rcoles 9am &#8211; 7pm Jueves 9am &#8211; 7pm Viernes 9am &#8211; 4pm S\u00e1bado&hellip;","og_url":"https:\/\/lialsystems.com.co\/en\/contacto\/","og_site_name":"Lial Systems","article_modified_time":"2025-05-16T07:55:08+00:00","og_image":[{"url":"https:\/\/lialsystems.com.co\/wp-content\/plugins\/bb-plugin\/img\/pixel.png"}],"twitter_card":"summary_large_image","twitter_misc":{"Est. reading time":"2 minutes"},"schema":{"@context":"https:\/\/schema.org","@graph":[{"@type":"WebPage","@id":"https:\/\/lialsystems.com.co\/contacto\/","url":"https:\/\/lialsystems.com.co\/contacto\/","name":"Contacto - Lial Systems","isPartOf":{"@id":"https:\/\/lialsystems.com.co\/#website"},"primaryImageOfPage":{"@id":"https:\/\/lialsystems.com.co\/contacto\/#primaryimage"},"image":{"@id":"https:\/\/lialsystems.com.co\/contacto\/#primaryimage"},"thumbnailUrl":"https:\/\/lialsystems.com.co\/wp-content\/plugins\/bb-plugin\/img\/pixel.png","datePublished":"2023-11-27T10:01:35+00:00","dateModified":"2025-05-16T07:55:08+00:00","breadcrumb":{"@id":"https:\/\/lialsystems.com.co\/contacto\/#breadcrumb"},"inLanguage":"en-US","potentialAction":[{"@type":"ReadAction","target":["https:\/\/lialsystems.com.co\/contacto\/"]}]},{"@type":"ImageObject","inLanguage":"en-US","@id":"https:\/\/lialsystems.com.co\/contacto\/#primaryimage","url":"https:\/\/lialsystems.com.co\/wp-content\/plugins\/bb-plugin\/img\/pixel.png","contentUrl":"https:\/\/lialsystems.com.co\/wp-content\/plugins\/bb-plugin\/img\/pixel.png"},{"@type":"BreadcrumbList","@id":"https:\/\/lialsystems.com.co\/contacto\/#breadcrumb","itemListElement":[{"@type":"ListItem","position":1,"name":"Home","item":"https:\/\/lialsystems.com.co\/"},{"@type":"ListItem","position":2,"name":"Contacto"}]},{"@type":"WebSite","@id":"https:\/\/lialsystems.com.co\/#website","url":"https:\/\/lialsystems.com.co\/","name":"Lial Systems","description":"IT &amp; Manufacturing","potentialAction":[{"@type":"SearchAction","target":{"@type":"EntryPoint","urlTemplate":"https:\/\/lialsystems.com.co\/?s={search_term_string}"},"query-input":"required name=search_term_string"}],"inLanguage":"en-US"}]}},"_links":{"self":[{"href":"https:\/\/lialsystems.com.co\/en\/wp-json\/wp\/v2\/pages\/35"}],"collection":[{"href":"https:\/\/lialsystems.com.co\/en\/wp-json\/wp\/v2\/pages"}],"about":[{"href":"https:\/\/lialsystems.com.co\/en\/wp-json\/wp\/v2\/types\/page"}],"author":[{"embeddable":true,"href":"https:\/\/lialsystems.com.co\/en\/wp-json\/wp\/v2\/users\/1"}],"replies":[{"embeddable":true,"href":"https:\/\/lialsystems.com.co\/en\/wp-json\/wp\/v2\/comments?post=35"}],"version-history":[{"count":6,"href":"https:\/\/lialsystems.com.co\/en\/wp-json\/wp\/v2\/pages\/35\/revisions"}],"predecessor-version":[{"id":532,"href":"https:\/\/lialsystems.com.co\/en\/wp-json\/wp\/v2\/pages\/35\/revisions\/532"}],"wp:attachment":[{"href":"https:\/\/lialsystems.com.co\/en\/wp-json\/wp\/v2\/media?parent=35"}],"curies":[{"name":"wp","href":"https:\/\/api.w.org\/{rel}","templated":true}]}}